{"id":860,"date":"2023-05-24T11:27:22","date_gmt":"2023-05-24T09:27:22","guid":{"rendered":"https:\/\/energielive.nl\/colectivos\/"},"modified":"2025-05-16T08:59:54","modified_gmt":"2025-05-16T06:59:54","slug":"colectivos","status":"publish","type":"page","link":"https:\/\/energielive.nl\/es\/colectivos\/","title":{"rendered":"Colectivos"},"content":{"rendered":"\n<header data-aos=\"fade-up\" class=\"content-block content-block--header grid grid-cols-1 md:grid-cols-2 max-h-fit\">\n    <div class=\"px-7 md:px-12 max-h-fit flex items-center py-7 md:py-32\">\n        <div class=\"md:max-w-[38.5rem] w-full max-h-fit md:ml-auto\">\n            <div class=\"md:max-w-[31.875rem]\">\n                                    <h1>Colectivos<\/h1>\n                                <div class=\"mt-2.5 md:mt-5 lg:mt-6\"><p>En una serie de sectores tenemos una fuerte presencia con un colectivo especializado. La participaci\u00f3n le asegura las tarifas m\u00e1s reducidas, las mejores condiciones y la puesta en com\u00fan de conocimientos en el \u00e1mbito de la sostenibilidad. Una ventaja colectiva, pero con un enfoque individualizado.<\/p>\n<\/div>\n            <\/div>\n        <\/div>\n    <\/div>\n    <div class=\"relative hidden md:block  \">\n        <img loading=\"lazy\" decoding=\"async\" width=\"2560\" height=\"1706\" src=\"https:\/\/energielive.nl\/app\/uploads\/2023\/05\/K6A8817-scaled.jpg\" class=\"object-cover relative h-full w-full aspect-[485\/200] md:aspect-auto\" alt=\"\" srcset=\"https:\/\/energielive.nl\/app\/uploads\/2023\/05\/K6A8817-scaled.jpg 2560w, https:\/\/energielive.nl\/app\/uploads\/2023\/05\/K6A8817-300x200.jpg 300w, https:\/\/energielive.nl\/app\/uploads\/2023\/05\/K6A8817-1024x683.jpg 1024w, https:\/\/energielive.nl\/app\/uploads\/2023\/05\/K6A8817-768x512.jpg 768w, https:\/\/energielive.nl\/app\/uploads\/2023\/05\/K6A8817-1536x1024.jpg 1536w, https:\/\/energielive.nl\/app\/uploads\/2023\/05\/K6A8817-2048x1365.jpg 2048w\" sizes=\"(max-width: 2560px) 100vw, 2560px\" \/>                    <\/div>\n<\/header><section data-aos=\"fade-up\" class=\"content-block content-block--section-header px-7 py-7 md:py-20 lg:py-24 bg-purple text-white\">\n    <div class=\"container text-center\">\n                <h2 class=\"text-h3\">La fuerza del colectivo<\/h2>\n    <\/div>\n<\/section>    <section data-aos=\"fade-up\" class=\"content-block content-block--collectives px-7 py-7 md:py-20 lg:py-24\">\n        <div class=\"container grid grid-cols-1 md:flex md:flex-wrap gap-5 md:gap-10 justify-center lg:px-16\">\n                            <a href=\"https:\/\/www.hetsportcollectief.nl\/\" target=\"_blank\" class=\"link--unstyled md:w-[calc(50%-1.25rem)] flex flex-col text-center pt-6 px-5 pb-6 md:pt-12 md:px-10 md:pb-12 rounded-[1.25rem] relative after:absolute after:inset-0 after:rounded-[1.25rem] after:bg-white\/40 after:shadow-[0_0_20px_-4px_theme(colors.purple\/80%)] after:-z-[1] after:transition-transform after:duration-300 no-touch:hover:after:scale-[103%]\">\n                    <div>\n                        <img loading=\"lazy\" decoding=\"async\" width=\"1\" height=\"1\" src=\"https:\/\/energielive.nl\/app\/uploads\/2023\/05\/sportcollectief.svg\" class=\"max-h-[4rem] h-full w-auto mx-auto mb-5 md:mb-12\" alt=\"\" \/>                        <h3 class=\"font-black [&#038;_span]:text-green md:[&#038;_span]:inline-block lg:[&#038;_span]:inline mb-10\">El <span>colectivo<\/span> deportivo<\/h3>\n                    <\/div>\n                    <button class=\"btn btn--external mt-auto w-fit mx-auto\">Visite el sitio web<\/button>\n                <\/a>\n                            <a href=\"https:\/\/www.hetvastgoedcollectief.nl\/\" target=\"_blank\" class=\"link--unstyled md:w-[calc(50%-1.25rem)] flex flex-col text-center pt-6 px-5 pb-6 md:pt-12 md:px-10 md:pb-12 rounded-[1.25rem] relative after:absolute after:inset-0 after:rounded-[1.25rem] after:bg-white\/40 after:shadow-[0_0_20px_-4px_theme(colors.purple\/80%)] after:-z-[1] after:transition-transform after:duration-300 no-touch:hover:after:scale-[103%]\">\n                    <div>\n                        <img loading=\"lazy\" decoding=\"async\" width=\"1\" height=\"1\" src=\"https:\/\/energielive.nl\/app\/uploads\/2023\/05\/vastgoedcollectief.svg\" class=\"max-h-[4rem] h-full w-auto mx-auto mb-5 md:mb-12\" alt=\"\" \/>                        <h3 class=\"font-black [&#038;_span]:text-green md:[&#038;_span]:inline-block lg:[&#038;_span]:inline mb-10\">El <span>colectivo<\/span> inmobiliario<\/h3>\n                    <\/div>\n                    <button class=\"btn btn--external mt-auto w-fit mx-auto\">Visite el sitio web<\/button>\n                <\/a>\n                            <a href=\"https:\/\/www.hetcorporatiecollectief.nl\/\" target=\"_blank\" class=\"link--unstyled md:w-[calc(50%-1.25rem)] flex flex-col text-center pt-6 px-5 pb-6 md:pt-12 md:px-10 md:pb-12 rounded-[1.25rem] relative after:absolute after:inset-0 after:rounded-[1.25rem] after:bg-white\/40 after:shadow-[0_0_20px_-4px_theme(colors.purple\/80%)] after:-z-[1] after:transition-transform after:duration-300 no-touch:hover:after:scale-[103%]\">\n                    <div>\n                        <img loading=\"lazy\" decoding=\"async\" width=\"1\" height=\"1\" src=\"https:\/\/energielive.nl\/app\/uploads\/2023\/05\/corporatiecollectief.svg\" class=\"max-h-[4rem] h-full w-auto mx-auto mb-5 md:mb-12\" alt=\"\" \/>                        <h3 class=\"font-black [&#038;_span]:text-green md:[&#038;_span]:inline-block lg:[&#038;_span]:inline mb-10\">El <span>colectivo<\/span> corporativo<\/h3>\n                    <\/div>\n                    <button class=\"btn btn--external mt-auto w-fit mx-auto\">Visite el sitio web<\/button>\n                <\/a>\n                            <a href=\"https:\/\/www.hethotelcollectief.nl\/\" target=\"_blank\" class=\"link--unstyled md:w-[calc(50%-1.25rem)] flex flex-col text-center pt-6 px-5 pb-6 md:pt-12 md:px-10 md:pb-12 rounded-[1.25rem] relative after:absolute after:inset-0 after:rounded-[1.25rem] after:bg-white\/40 after:shadow-[0_0_20px_-4px_theme(colors.purple\/80%)] after:-z-[1] after:transition-transform after:duration-300 no-touch:hover:after:scale-[103%]\">\n                    <div>\n                        <img loading=\"lazy\" decoding=\"async\" width=\"1\" height=\"1\" src=\"https:\/\/energielive.nl\/app\/uploads\/2023\/05\/hotelcollectief-1.svg\" class=\"max-h-[4rem] h-full w-auto mx-auto mb-5 md:mb-12\" alt=\"\" \/>                        <h3 class=\"font-black [&#038;_span]:text-green md:[&#038;_span]:inline-block lg:[&#038;_span]:inline mb-10\">El <span>colectivo<\/span> hotelero<\/h3>\n                    <\/div>\n                    <button class=\"btn btn--external mt-auto w-fit mx-auto\">Visite el sitio web<\/button>\n                <\/a>\n                            <a href=\"https:\/\/hetcultuurcollectief.nl\/\" target=\"_blank\" class=\"link--unstyled md:w-[calc(50%-1.25rem)] flex flex-col text-center pt-6 px-5 pb-6 md:pt-12 md:px-10 md:pb-12 rounded-[1.25rem] relative after:absolute after:inset-0 after:rounded-[1.25rem] after:bg-white\/40 after:shadow-[0_0_20px_-4px_theme(colors.purple\/80%)] after:-z-[1] after:transition-transform after:duration-300 no-touch:hover:after:scale-[103%]\">\n                    <div>\n                        <img loading=\"lazy\" decoding=\"async\" width=\"1\" height=\"1\" src=\"https:\/\/energielive.nl\/app\/uploads\/2023\/05\/cultuurcollectief.svg\" class=\"max-h-[4rem] h-full w-auto mx-auto mb-5 md:mb-12\" alt=\"\" \/>                        <h3 class=\"font-black [&#038;_span]:text-green md:[&#038;_span]:inline-block lg:[&#038;_span]:inline mb-10\">El <span>colectivo<\/span> cultural<\/h3>\n                    <\/div>\n                    <button class=\"btn btn--external mt-auto w-fit mx-auto\">Visite el sitio web<\/button>\n                <\/a>\n                    <\/div>\n    <\/section>\n","protected":false},"excerpt":{"rendered":"","protected":false},"author":1,"featured_media":0,"parent":0,"menu_order":0,"comment_status":"closed","ping_status":"closed","template":"","meta":{"_acf_changed":false,"footnotes":""},"class_list":["post-860","page","type-page","status-publish","hentry"],"acf":[],"yoast_head":"<!-- This site is optimized with the Yoast SEO Premium plugin v22.8 (Yoast SEO v26.9) - https:\/\/yoast.com\/product\/yoast-seo-premium-wordpress\/ -->\n<title>Colectivos - EnergieLive<\/title>\n<meta name=\"robots\" content=\"index, follow, max-snippet:-1, max-image-preview:large, max-video-preview:-1\" \/>\n<link rel=\"canonical\" href=\"https:\/\/energielive.nl\/es\/colectivos\/\" \/>\n<meta property=\"og:locale\" content=\"es_ES\" \/>\n<meta property=\"og:type\" content=\"article\" \/>\n<meta property=\"og:title\" content=\"Colectivos\" \/>\n<meta property=\"og:url\" content=\"https:\/\/energielive.nl\/es\/colectivos\/\" \/>\n<meta property=\"og:site_name\" content=\"EnergieLive\" \/>\n<meta property=\"article:modified_time\" content=\"2025-05-16T06:59:54+00:00\" \/>\n<meta name=\"twitter:card\" content=\"summary_large_image\" \/>\n<script type=\"application\/ld+json\" class=\"yoast-schema-graph\">{\"@context\":\"https:\/\/schema.org\",\"@graph\":[{\"@type\":\"WebPage\",\"@id\":\"https:\/\/energielive.nl\/es\/colectivos\/\",\"url\":\"https:\/\/energielive.nl\/es\/colectivos\/\",\"name\":\"Colectivos - EnergieLive\",\"isPartOf\":{\"@id\":\"https:\/\/energielive.nl\/es\/#website\"},\"datePublished\":\"2023-05-24T09:27:22+00:00\",\"dateModified\":\"2025-05-16T06:59:54+00:00\",\"breadcrumb\":{\"@id\":\"https:\/\/energielive.nl\/es\/colectivos\/#breadcrumb\"},\"inLanguage\":\"es-ES\",\"potentialAction\":[{\"@type\":\"ReadAction\",\"target\":[\"https:\/\/energielive.nl\/es\/colectivos\/\"]}]},{\"@type\":\"BreadcrumbList\",\"@id\":\"https:\/\/energielive.nl\/es\/colectivos\/#breadcrumb\",\"itemListElement\":[{\"@type\":\"ListItem\",\"position\":1,\"name\":\"Home\",\"item\":\"https:\/\/energielive.nl\/es\/\"},{\"@type\":\"ListItem\",\"position\":2,\"name\":\"Colectivos\"}]},{\"@type\":\"WebSite\",\"@id\":\"https:\/\/energielive.nl\/es\/#website\",\"url\":\"https:\/\/energielive.nl\/es\/\",\"name\":\"EnergieLive\",\"description\":\"On-Nederlands goede service in zakelijk energie-advies\",\"potentialAction\":[{\"@type\":\"SearchAction\",\"target\":{\"@type\":\"EntryPoint\",\"urlTemplate\":\"https:\/\/energielive.nl\/es\/?s={search_term_string}\"},\"query-input\":{\"@type\":\"PropertyValueSpecification\",\"valueRequired\":true,\"valueName\":\"search_term_string\"}}],\"inLanguage\":\"es-ES\"}]}<\/script>\n<!-- \/ Yoast SEO Premium plugin. -->","yoast_head_json":{"title":"Colectivos - EnergieLive","robots":{"index":"index","follow":"follow","max-snippet":"max-snippet:-1","max-image-preview":"max-image-preview:large","max-video-preview":"max-video-preview:-1"},"canonical":"https:\/\/energielive.nl\/es\/colectivos\/","og_locale":"es_ES","og_type":"article","og_title":"Colectivos","og_url":"https:\/\/energielive.nl\/es\/colectivos\/","og_site_name":"EnergieLive","article_modified_time":"2025-05-16T06:59:54+00:00","twitter_card":"summary_large_image","schema":{"@context":"https:\/\/schema.org","@graph":[{"@type":"WebPage","@id":"https:\/\/energielive.nl\/es\/colectivos\/","url":"https:\/\/energielive.nl\/es\/colectivos\/","name":"Colectivos - EnergieLive","isPartOf":{"@id":"https:\/\/energielive.nl\/es\/#website"},"datePublished":"2023-05-24T09:27:22+00:00","dateModified":"2025-05-16T06:59:54+00:00","breadcrumb":{"@id":"https:\/\/energielive.nl\/es\/colectivos\/#breadcrumb"},"inLanguage":"es-ES","potentialAction":[{"@type":"ReadAction","target":["https:\/\/energielive.nl\/es\/colectivos\/"]}]},{"@type":"BreadcrumbList","@id":"https:\/\/energielive.nl\/es\/colectivos\/#breadcrumb","itemListElement":[{"@type":"ListItem","position":1,"name":"Home","item":"https:\/\/energielive.nl\/es\/"},{"@type":"ListItem","position":2,"name":"Colectivos"}]},{"@type":"WebSite","@id":"https:\/\/energielive.nl\/es\/#website","url":"https:\/\/energielive.nl\/es\/","name":"EnergieLive","description":"On-Nederlands goede service in zakelijk energie-advies","potentialAction":[{"@type":"SearchAction","target":{"@type":"EntryPoint","urlTemplate":"https:\/\/energielive.nl\/es\/?s={search_term_string}"},"query-input":{"@type":"PropertyValueSpecification","valueRequired":true,"valueName":"search_term_string"}}],"inLanguage":"es-ES"}]}},"_links":{"self":[{"href":"https:\/\/energielive.nl\/es\/wp-json\/wp\/v2\/pages\/860","targetHints":{"allow":["GET"]}}],"collection":[{"href":"https:\/\/energielive.nl\/es\/wp-json\/wp\/v2\/pages"}],"about":[{"href":"https:\/\/energielive.nl\/es\/wp-json\/wp\/v2\/types\/page"}],"author":[{"embeddable":true,"href":"https:\/\/energielive.nl\/es\/wp-json\/wp\/v2\/users\/1"}],"replies":[{"embeddable":true,"href":"https:\/\/energielive.nl\/es\/wp-json\/wp\/v2\/comments?post=860"}],"version-history":[{"count":1,"href":"https:\/\/energielive.nl\/es\/wp-json\/wp\/v2\/pages\/860\/revisions"}],"predecessor-version":[{"id":862,"href":"https:\/\/energielive.nl\/es\/wp-json\/wp\/v2\/pages\/860\/revisions\/862"}],"wp:attachment":[{"href":"https:\/\/energielive.nl\/es\/wp-json\/wp\/v2\/media?parent=860"}],"curies":[{"name":"wp","href":"https:\/\/api.w.org\/{rel}","templated":true}]}}