{"id":852,"date":"2023-05-24T09:39:39","date_gmt":"2023-05-24T07:39:39","guid":{"rendered":"https:\/\/energielive.nl\/referencias\/"},"modified":"2025-05-16T08:59:44","modified_gmt":"2025-05-16T06:59:44","slug":"referencias","status":"publish","type":"page","link":"https:\/\/energielive.nl\/es\/referencias\/","title":{"rendered":"Referencias"},"content":{"rendered":"\n<header data-aos=\"fade-up\" class=\"content-block content-block--header grid grid-cols-1 md:grid-cols-2 max-h-fit\">\n    <div class=\"px-7 md:px-12 max-h-fit flex items-center py-7 md:py-32\">\n        <div class=\"md:max-w-[38.5rem] w-full max-h-fit md:ml-auto\">\n            <div class=\"md:max-w-[31.875rem]\">\n                                    <h1>Referencias<\/h1>\n                                <div class=\"mt-2.5 md:mt-5 lg:mt-6\"><p>De los museos a la hosteler\u00eda, de la inmobiliaria a las corporaciones de viviendas: EnergieLive est\u00e1 a disposici\u00f3n de cualquier organizaci\u00f3n que est\u00e9 buscando un socio fiable y dedicado. Desde Pymes hasta multinacionales.<\/p>\n<\/div>\n            <\/div>\n        <\/div>\n    <\/div>\n    <div class=\"relative hidden md:block  \">\n        <img loading=\"lazy\" decoding=\"async\" width=\"2000\" height=\"1335\" src=\"https:\/\/energielive.nl\/app\/uploads\/2023\/05\/Rijksmuseum-nacht-009.jpeg\" class=\"object-cover relative h-full w-full aspect-[485\/200] md:aspect-auto\" alt=\"\" srcset=\"https:\/\/energielive.nl\/app\/uploads\/2023\/05\/Rijksmuseum-nacht-009.jpeg 2000w, https:\/\/energielive.nl\/app\/uploads\/2023\/05\/Rijksmuseum-nacht-009-300x200.jpeg 300w, https:\/\/energielive.nl\/app\/uploads\/2023\/05\/Rijksmuseum-nacht-009-1024x684.jpeg 1024w, https:\/\/energielive.nl\/app\/uploads\/2023\/05\/Rijksmuseum-nacht-009-768x513.jpeg 768w, https:\/\/energielive.nl\/app\/uploads\/2023\/05\/Rijksmuseum-nacht-009-1536x1025.jpeg 1536w\" sizes=\"(max-width: 2000px) 100vw, 2000px\" \/>                    <\/div>\n<\/header><section data-aos=\"fade-up\" class=\"content-block content-block--section-header px-7 py-7 md:py-20 lg:py-24 bg-purple text-white\">\n    <div class=\"container text-center\">\n                <h2 class=\"text-h3\">Nuestros clientes son la mejor referencia<\/h2>\n    <\/div>\n<\/section>\n    <section data-aos=\"fade-up\" class=\"content-block content-block--references-slider px-7 pt-10 pb-14 md:pb-16\">\n        <div class=\"container swiper\">\n            <div class=\"swiper-wrapper\">\n                                    <div class=\"swiper-slide md:!h-auto !grid grid-cols-1 gap-y-10 md:grid-cols-2 md:gap-x-14\">\n                        <div class=\"content [&#038;_blockquote]:text-h2 hyphens-auto\"><p class=\"p1\"><strong>HealthCity y Basic-Fit<\/strong><\/p>\n<blockquote>\n<p class=\"p1\"><em>Es genial tener un equipo de cuentas fijo que se encarga de los asuntos por m\u00ed de forma r\u00e1pida y decisiva<\/em><\/p>\n<\/blockquote>\n<p><strong>Gerard van Medevoort<\/strong> Gerente internacional de compras e instalaciones <strong>Cliente desde 2009<\/strong> 268 emplazamientos<\/p>\n<\/div>\n                        <img decoding=\"async\" width=\"2560\" height=\"1707\" src=\"https:\/\/energielive.nl\/app\/uploads\/2023\/05\/FOTO-healthcity-rotterdam-1-scaled-1.jpg\" class=\"max-h-[20.875rem] xl:max-h-[29.75rem] w-auto h-auto rounded place-self-center row-start-1 md:row-start-auto\" alt=\"\" loading=\"lazy\" srcset=\"https:\/\/energielive.nl\/app\/uploads\/2023\/05\/FOTO-healthcity-rotterdam-1-scaled-1.jpg 2560w, https:\/\/energielive.nl\/app\/uploads\/2023\/05\/FOTO-healthcity-rotterdam-1-scaled-1-300x200.jpg 300w, https:\/\/energielive.nl\/app\/uploads\/2023\/05\/FOTO-healthcity-rotterdam-1-scaled-1-1024x683.jpg 1024w, https:\/\/energielive.nl\/app\/uploads\/2023\/05\/FOTO-healthcity-rotterdam-1-scaled-1-768x512.jpg 768w, https:\/\/energielive.nl\/app\/uploads\/2023\/05\/FOTO-healthcity-rotterdam-1-scaled-1-1536x1024.jpg 1536w, https:\/\/energielive.nl\/app\/uploads\/2023\/05\/FOTO-healthcity-rotterdam-1-scaled-1-2048x1366.jpg 2048w\" sizes=\"(max-width: 2560px) 100vw, 2560px\" \/>                    <\/div>\n                                    <div class=\"swiper-slide md:!h-auto !grid grid-cols-1 gap-y-10 md:grid-cols-2 md:gap-x-14\">\n                        <div class=\"content [&#038;_blockquote]:text-h2 hyphens-auto\"><p><strong>Rijksmuseum<\/strong><\/p>\n<blockquote><p><em>Sus empleados tienen un alto grado de dedicaci\u00f3n y conocimiento, lo que hace que trabajar con EnergieLive sea sumamente agradable<\/em><\/p><\/blockquote>\n<p class=\"p1\"><strong>Karen Keeman<\/strong> Gerente de instalaciones del Rijksmuseum de \u00c1msterdam<\/p>\n<p><strong>Cliente desde 2009<\/strong> 7 emplazamientos<\/p>\n<\/div>\n                        <img decoding=\"async\" width=\"2000\" height=\"1335\" src=\"https:\/\/energielive.nl\/app\/uploads\/2023\/05\/Rijksmuseum-nacht-009.jpeg\" class=\"max-h-[20.875rem] xl:max-h-[29.75rem] w-auto h-auto rounded place-self-center row-start-1 md:row-start-auto\" alt=\"\" loading=\"lazy\" srcset=\"https:\/\/energielive.nl\/app\/uploads\/2023\/05\/Rijksmuseum-nacht-009.jpeg 2000w, https:\/\/energielive.nl\/app\/uploads\/2023\/05\/Rijksmuseum-nacht-009-300x200.jpeg 300w, https:\/\/energielive.nl\/app\/uploads\/2023\/05\/Rijksmuseum-nacht-009-1024x684.jpeg 1024w, https:\/\/energielive.nl\/app\/uploads\/2023\/05\/Rijksmuseum-nacht-009-768x513.jpeg 768w, https:\/\/energielive.nl\/app\/uploads\/2023\/05\/Rijksmuseum-nacht-009-1536x1025.jpeg 1536w\" sizes=\"(max-width: 2000px) 100vw, 2000px\" \/>                    <\/div>\n                                    <div class=\"swiper-slide md:!h-auto !grid grid-cols-1 gap-y-10 md:grid-cols-2 md:gap-x-14\">\n                        <div class=\"content [&#038;_blockquote]:text-h2 hyphens-auto\"><p class=\"p1\"><strong>Woonstichting De Key<\/strong><\/p>\n<blockquote>\n<p class=\"p1\"><em>Con su experiencia y competencia, EnergieLive contribuye a los objetivos de sostenibilidad de  Key<\/em><\/p>\n<\/blockquote>\n<p><strong>Tjerk van de Braak\u00a0<\/strong> Gerente de compras<strong>Cliente desde 2012<\/strong> 583 emplazamientos<\/p>\n<\/div>\n                        <img decoding=\"async\" width=\"1140\" height=\"765\" src=\"https:\/\/energielive.nl\/app\/uploads\/2023\/05\/c33cf771478aa0d5ba29d3f436399723.jpeg\" class=\"max-h-[20.875rem] xl:max-h-[29.75rem] w-auto h-auto rounded place-self-center row-start-1 md:row-start-auto\" alt=\"\" loading=\"lazy\" srcset=\"https:\/\/energielive.nl\/app\/uploads\/2023\/05\/c33cf771478aa0d5ba29d3f436399723.jpeg 1140w, https:\/\/energielive.nl\/app\/uploads\/2023\/05\/c33cf771478aa0d5ba29d3f436399723-300x201.jpeg 300w, https:\/\/energielive.nl\/app\/uploads\/2023\/05\/c33cf771478aa0d5ba29d3f436399723-1024x687.jpeg 1024w, https:\/\/energielive.nl\/app\/uploads\/2023\/05\/c33cf771478aa0d5ba29d3f436399723-768x515.jpeg 768w\" sizes=\"(max-width: 1140px) 100vw, 1140px\" \/>                    <\/div>\n                            <\/div>\n            <div class=\"flex items-center justify-between md:justify-center md:gap-x-20 mt-10 md:mt-20\">\n                <button class=\"swiper-btn-prev rotate-180 aspect-square w-9\" aria-label=\"Anterior\">\n                    <span class=\"[&#038;_svg]:w-full [&#038;_svg]:h-full\"><svg xmlns=\"http:\/\/www.w3.org\/2000\/svg\" xmlns:xlink=\"http:\/\/www.w3.org\/1999\/xlink\" width=\"10px\"\n    height=\"16px\" viewBox=\"0 0 10 16\" version=\"1.1\">\n    <title>Stroke 4 Copy<\/title>\n    <g id=\"Symbols\" stroke=\"none\" stroke-width=\"1\" fill=\"none\" fill-rule=\"evenodd\"\n        stroke-linecap=\"round\" stroke-linejoin=\"round\">\n        <g id=\"EL-CTA-rond-0paars\" transform=\"translate(-29.000000, -25.000000)\" stroke=\"#C0C834\"\n            stroke-width=\"2.3\">\n            <polyline id=\"Stroke-4-Copy\" points=\"31 27 37 32.9994004 31 39\" \/>\n        <\/g>\n    <\/g>\n<\/svg><\/span>\n                <\/button>\n                <div class=\"swiper-pagination\"><\/div>\n                <button class=\"swiper-btn-next aspect-square w-9\" aria-label=\"Pr\u00f3ximo\">\n                    <span class=\"[&#038;_svg]:w-full [&#038;_svg]:h-full\"><svg xmlns=\"http:\/\/www.w3.org\/2000\/svg\" xmlns:xlink=\"http:\/\/www.w3.org\/1999\/xlink\" width=\"10px\"\n    height=\"16px\" viewBox=\"0 0 10 16\" version=\"1.1\">\n    <title>Stroke 4 Copy<\/title>\n    <g id=\"Symbols\" stroke=\"none\" stroke-width=\"1\" fill=\"none\" fill-rule=\"evenodd\"\n        stroke-linecap=\"round\" stroke-linejoin=\"round\">\n        <g id=\"EL-CTA-rond-0paars\" transform=\"translate(-29.000000, -25.000000)\" stroke=\"#C0C834\"\n            stroke-width=\"2.3\">\n            <polyline id=\"Stroke-4-Copy\" points=\"31 27 37 32.9994004 31 39\" \/>\n        <\/g>\n    <\/g>\n<\/svg><\/span>\n                <\/button>\n            <\/div>\n        <\/div>\n    <\/section>\n\n    <section data-aos=\"fade-up\" class=\"content-block content-block--references-slider px-7 pt-10 pb-14 md:pb-16\">\n        <div class=\"container swiper\">\n            <div class=\"swiper-wrapper\">\n                                    <div class=\"swiper-slide md:!h-auto !grid grid-cols-1 gap-y-10 md:grid-cols-2 md:gap-x-14\">\n                        <div class=\"content [&#038;_blockquote]:text-h2 hyphens-auto\"><p class=\"p1\"><strong>The Student Hotel<\/strong><\/p>\n<blockquote>\n<p class=\"p1\"><em>Estamos extremadamente satisfechos. EnergieLive ha aliviado nuestra carga y alcanzado los ahorros previstos<\/em><\/p>\n<\/blockquote>\n<p><strong>Kristian Aipassa<\/strong> Director s\u00e9nior de Desarrollo Inmobiliario Comercial \u2013 Europa <strong>Cliente desde 2013<\/strong> 8 emplazamientos<\/p>\n<\/div>\n                        <img decoding=\"async\" width=\"1024\" height=\"728\" src=\"https:\/\/energielive.nl\/app\/uploads\/2023\/05\/43a1d0f0b28ac2dfb867ece315343ab2.jpeg\" class=\"max-h-[20.875rem] xl:max-h-[29.75rem] w-auto h-auto rounded place-self-center col-start-1 row-start-1\" alt=\"\" loading=\"lazy\" srcset=\"https:\/\/energielive.nl\/app\/uploads\/2023\/05\/43a1d0f0b28ac2dfb867ece315343ab2.jpeg 1024w, https:\/\/energielive.nl\/app\/uploads\/2023\/05\/43a1d0f0b28ac2dfb867ece315343ab2-300x213.jpeg 300w, https:\/\/energielive.nl\/app\/uploads\/2023\/05\/43a1d0f0b28ac2dfb867ece315343ab2-768x546.jpeg 768w\" sizes=\"(max-width: 1024px) 100vw, 1024px\" \/>                    <\/div>\n                                    <div class=\"swiper-slide md:!h-auto !grid grid-cols-1 gap-y-10 md:grid-cols-2 md:gap-x-14\">\n                        <div class=\"content [&#038;_blockquote]:text-h2 hyphens-auto\"><p class=\"p1\"><strong>LeasePlan<\/strong><\/p>\n<blockquote>\n<p class=\"p1\"><em>Nuestro equipo fijo de EnergieLive est\u00e1 muy cualificado y orientado al servicio<\/em><\/p>\n<\/blockquote>\n<p><strong>Danny Flemming<\/strong> Director de Asuntos Internos\/Gesti\u00f3n de Instalaciones <strong>Cliente desde 2016<\/strong> 12 emplazamientos<\/p>\n<\/div>\n                        <img decoding=\"async\" width=\"959\" height=\"926\" src=\"https:\/\/energielive.nl\/app\/uploads\/2023\/05\/Leaseplan-2-e1623242442695.jpg\" class=\"max-h-[20.875rem] xl:max-h-[29.75rem] w-auto h-auto rounded place-self-center col-start-1 row-start-1\" alt=\"\" loading=\"lazy\" srcset=\"https:\/\/energielive.nl\/app\/uploads\/2023\/05\/Leaseplan-2-e1623242442695.jpg 959w, https:\/\/energielive.nl\/app\/uploads\/2023\/05\/Leaseplan-2-e1623242442695-300x290.jpg 300w, https:\/\/energielive.nl\/app\/uploads\/2023\/05\/Leaseplan-2-e1623242442695-768x742.jpg 768w\" sizes=\"(max-width: 959px) 100vw, 959px\" \/>                    <\/div>\n                                    <div class=\"swiper-slide md:!h-auto !grid grid-cols-1 gap-y-10 md:grid-cols-2 md:gap-x-14\">\n                        <div class=\"content [&#038;_blockquote]:text-h2 hyphens-auto\"><p class=\"p1\"><strong>EHM Group<\/strong><\/p>\n<blockquote>\n<p class=\"p1\"><i>Debido a la gran demanda de servicios que conlleva nuestra cartera de hoteles, contar con un asesor profesional es un gran valor a\u00f1adido<\/i><\/p>\n<\/blockquote>\n<p class=\"p1\"><strong>Robert van Mol<\/strong> Director de proyectos especiales y adquisiciones<\/p>\n<p><strong>Cliente desde 2011<\/strong> 14 emplazamientos<\/p>\n<\/div>\n                        <img decoding=\"async\" width=\"1024\" height=\"683\" src=\"https:\/\/energielive.nl\/app\/uploads\/2023\/05\/EHM-Group.jpg\" class=\"max-h-[20.875rem] xl:max-h-[29.75rem] w-auto h-auto rounded place-self-center col-start-1 row-start-1\" alt=\"\" loading=\"lazy\" srcset=\"https:\/\/energielive.nl\/app\/uploads\/2023\/05\/EHM-Group.jpg 1024w, https:\/\/energielive.nl\/app\/uploads\/2023\/05\/EHM-Group-300x200.jpg 300w, https:\/\/energielive.nl\/app\/uploads\/2023\/05\/EHM-Group-768x512.jpg 768w\" sizes=\"(max-width: 1024px) 100vw, 1024px\" \/>                    <\/div>\n                            <\/div>\n            <div class=\"flex items-center justify-between md:justify-center md:gap-x-20 mt-10 md:mt-20\">\n                <button class=\"swiper-btn-prev rotate-180 aspect-square w-9\" aria-label=\"Anterior\">\n                    <span class=\"[&#038;_svg]:w-full [&#038;_svg]:h-full\"><svg xmlns=\"http:\/\/www.w3.org\/2000\/svg\" xmlns:xlink=\"http:\/\/www.w3.org\/1999\/xlink\" width=\"10px\"\n    height=\"16px\" viewBox=\"0 0 10 16\" version=\"1.1\">\n    <title>Stroke 4 Copy<\/title>\n    <g id=\"Symbols\" stroke=\"none\" stroke-width=\"1\" fill=\"none\" fill-rule=\"evenodd\"\n        stroke-linecap=\"round\" stroke-linejoin=\"round\">\n        <g id=\"EL-CTA-rond-0paars\" transform=\"translate(-29.000000, -25.000000)\" stroke=\"#C0C834\"\n            stroke-width=\"2.3\">\n            <polyline id=\"Stroke-4-Copy\" points=\"31 27 37 32.9994004 31 39\" \/>\n        <\/g>\n    <\/g>\n<\/svg><\/span>\n                <\/button>\n                <div class=\"swiper-pagination\"><\/div>\n                <button class=\"swiper-btn-next aspect-square w-9\" aria-label=\"Pr\u00f3ximo\">\n                    <span class=\"[&#038;_svg]:w-full [&#038;_svg]:h-full\"><svg xmlns=\"http:\/\/www.w3.org\/2000\/svg\" xmlns:xlink=\"http:\/\/www.w3.org\/1999\/xlink\" width=\"10px\"\n    height=\"16px\" viewBox=\"0 0 10 16\" version=\"1.1\">\n    <title>Stroke 4 Copy<\/title>\n    <g id=\"Symbols\" stroke=\"none\" stroke-width=\"1\" fill=\"none\" fill-rule=\"evenodd\"\n        stroke-linecap=\"round\" stroke-linejoin=\"round\">\n        <g id=\"EL-CTA-rond-0paars\" transform=\"translate(-29.000000, -25.000000)\" stroke=\"#C0C834\"\n            stroke-width=\"2.3\">\n            <polyline id=\"Stroke-4-Copy\" points=\"31 27 37 32.9994004 31 39\" \/>\n        <\/g>\n    <\/g>\n<\/svg><\/span>\n                <\/button>\n            <\/div>\n        <\/div>\n    <\/section>\n    <section data-aos=\"fade-up\" class=\"content-block content-block--clients px-7 py-14 md:py-24 bg-light-purple\">\n        <div class=\"container grid gap-8 grid-cols-1 md:grid-cols-3\">\n                                                <div class=\"bg-white rounded-[1.25rem] grid place-items-center py-[4.375rem]\">\n                        <img loading=\"lazy\" decoding=\"async\" width=\"261\" height=\"80\" src=\"https:\/\/energielive.nl\/app\/uploads\/2023\/05\/de-key.png\" class=\"h-full max-h-[5rem] w-auto wp-post-image\" alt=\"De Key\" \/>                    <\/div>\n                                                                <div class=\"bg-white rounded-[1.25rem] grid place-items-center py-[4.375rem]\">\n                        <img loading=\"lazy\" decoding=\"async\" width=\"261\" height=\"80\" src=\"https:\/\/energielive.nl\/app\/uploads\/2023\/05\/achmea.png\" class=\"h-full max-h-[5rem] w-auto wp-post-image\" alt=\"Achmea\" \/>                    <\/div>\n                                                                <div class=\"bg-white rounded-[1.25rem] grid place-items-center py-[4.375rem]\">\n                        <img loading=\"lazy\" decoding=\"async\" width=\"261\" height=\"80\" src=\"https:\/\/energielive.nl\/app\/uploads\/2023\/05\/RIJKS_MUSEUM.png\" class=\"h-full max-h-[5rem] w-auto wp-post-image\" alt=\"Rijksmuseum\" \/>                    <\/div>\n                                                                <div class=\"bg-white rounded-[1.25rem] grid place-items-center py-[4.375rem]\">\n                        <img loading=\"lazy\" decoding=\"async\" width=\"261\" height=\"80\" src=\"https:\/\/energielive.nl\/app\/uploads\/2023\/05\/the-student-hotel.png\" class=\"h-full max-h-[5rem] w-auto wp-post-image\" alt=\"The Student Hotel\" \/>                    <\/div>\n                                                                <div class=\"bg-white rounded-[1.25rem] grid place-items-center py-[4.375rem]\">\n                        <img loading=\"lazy\" decoding=\"async\" width=\"261\" height=\"80\" src=\"https:\/\/energielive.nl\/app\/uploads\/2023\/05\/basic-fit.png\" class=\"h-full max-h-[5rem] w-auto wp-post-image\" alt=\"Basic-Fit\" \/>                    <\/div>\n                                                                <div class=\"bg-white rounded-[1.25rem] grid place-items-center py-[4.375rem]\">\n                        <img loading=\"lazy\" decoding=\"async\" width=\"261\" height=\"80\" src=\"https:\/\/energielive.nl\/app\/uploads\/2023\/05\/euronext.png\" class=\"h-full max-h-[5rem] w-auto wp-post-image\" alt=\"Euronext\" \/>                    <\/div>\n                                                                <div class=\"bg-white rounded-[1.25rem] grid place-items-center py-[4.375rem]\">\n                        <img loading=\"lazy\" decoding=\"async\" width=\"261\" height=\"80\" src=\"https:\/\/energielive.nl\/app\/uploads\/2023\/05\/paradiso.png\" class=\"h-full max-h-[5rem] w-auto wp-post-image\" alt=\"Paradiso\" \/>                    <\/div>\n                                                                <div class=\"bg-white rounded-[1.25rem] grid place-items-center py-[4.375rem]\">\n                        <img loading=\"lazy\" decoding=\"async\" width=\"261\" height=\"81\" src=\"https:\/\/energielive.nl\/app\/uploads\/2023\/05\/WWF.png\" class=\"h-full max-h-[5rem] w-auto wp-post-image\" alt=\"Wereld Natuur Fonds\" \/>                    <\/div>\n                                                                <div class=\"bg-white rounded-[1.25rem] grid place-items-center py-[4.375rem]\">\n                        <img loading=\"lazy\" decoding=\"async\" width=\"261\" height=\"80\" src=\"https:\/\/energielive.nl\/app\/uploads\/2023\/05\/prologis.png\" class=\"h-full max-h-[5rem] w-auto wp-post-image\" alt=\"Prologis\" \/>                    <\/div>\n                                                                <div class=\"bg-white rounded-[1.25rem] grid place-items-center py-[4.375rem]\">\n                        <img loading=\"lazy\" decoding=\"async\" width=\"261\" height=\"80\" src=\"https:\/\/energielive.nl\/app\/uploads\/2023\/05\/lefier.png\" class=\"h-full max-h-[5rem] w-auto wp-post-image\" alt=\"Lefier\" \/>                    <\/div>\n                                                                <div class=\"bg-white rounded-[1.25rem] grid place-items-center py-[4.375rem]\">\n                        <img loading=\"lazy\" decoding=\"async\" width=\"1024\" height=\"314\" src=\"https:\/\/energielive.nl\/app\/uploads\/2023\/05\/caransa-1024x314.png\" class=\"h-full max-h-[5rem] w-auto wp-post-image\" alt=\"Caransa Groep\" srcset=\"https:\/\/energielive.nl\/app\/uploads\/2023\/05\/caransa-1024x314.png 1024w, https:\/\/energielive.nl\/app\/uploads\/2023\/05\/caransa-300x92.png 300w, https:\/\/energielive.nl\/app\/uploads\/2023\/05\/caransa-768x235.png 768w, https:\/\/energielive.nl\/app\/uploads\/2023\/05\/caransa-1536x471.png 1536w, https:\/\/energielive.nl\/app\/uploads\/2023\/05\/caransa.png 1918w\" sizes=\"(max-width: 1024px) 100vw, 1024px\" \/>                    <\/div>\n                                                                <div class=\"bg-white rounded-[1.25rem] grid place-items-center py-[4.375rem]\">\n                        <img loading=\"lazy\" decoding=\"async\" width=\"1024\" height=\"314\" src=\"https:\/\/energielive.nl\/app\/uploads\/2023\/05\/cordaan-1024x314.png\" class=\"h-full max-h-[5rem] w-auto wp-post-image\" alt=\"Cordaan\" srcset=\"https:\/\/energielive.nl\/app\/uploads\/2023\/05\/cordaan-1024x314.png 1024w, https:\/\/energielive.nl\/app\/uploads\/2023\/05\/cordaan-300x92.png 300w, https:\/\/energielive.nl\/app\/uploads\/2023\/05\/cordaan-768x235.png 768w, https:\/\/energielive.nl\/app\/uploads\/2023\/05\/cordaan-1536x471.png 1536w, https:\/\/energielive.nl\/app\/uploads\/2023\/05\/cordaan.png 1918w\" sizes=\"(max-width: 1024px) 100vw, 1024px\" \/>                    <\/div>\n                                    <\/div>\n    <\/section>\n","protected":false},"excerpt":{"rendered":"","protected":false},"author":1,"featured_media":0,"parent":0,"menu_order":0,"comment_status":"closed","ping_status":"closed","template":"","meta":{"_acf_changed":false,"footnotes":""},"class_list":["post-852","page","type-page","status-publish","hentry"],"acf":[],"yoast_head":"<!-- This site is optimized with the Yoast SEO Premium plugin v22.8 (Yoast SEO v26.9) - https:\/\/yoast.com\/product\/yoast-seo-premium-wordpress\/ -->\n<title>Referencias - EnergieLive<\/title>\n<meta name=\"robots\" content=\"index, follow, max-snippet:-1, max-image-preview:large, max-video-preview:-1\" \/>\n<link rel=\"canonical\" href=\"https:\/\/energielive.nl\/es\/referencias\/\" \/>\n<meta property=\"og:locale\" content=\"es_ES\" \/>\n<meta property=\"og:type\" content=\"article\" \/>\n<meta property=\"og:title\" content=\"Referencias\" \/>\n<meta property=\"og:url\" content=\"https:\/\/energielive.nl\/es\/referencias\/\" \/>\n<meta property=\"og:site_name\" content=\"EnergieLive\" \/>\n<meta property=\"article:modified_time\" content=\"2025-05-16T06:59:44+00:00\" \/>\n<meta name=\"twitter:card\" content=\"summary_large_image\" \/>\n<script type=\"application\/ld+json\" class=\"yoast-schema-graph\">{\"@context\":\"https:\/\/schema.org\",\"@graph\":[{\"@type\":\"WebPage\",\"@id\":\"https:\/\/energielive.nl\/es\/referencias\/\",\"url\":\"https:\/\/energielive.nl\/es\/referencias\/\",\"name\":\"Referencias - EnergieLive\",\"isPartOf\":{\"@id\":\"https:\/\/energielive.nl\/es\/#website\"},\"datePublished\":\"2023-05-24T07:39:39+00:00\",\"dateModified\":\"2025-05-16T06:59:44+00:00\",\"breadcrumb\":{\"@id\":\"https:\/\/energielive.nl\/es\/referencias\/#breadcrumb\"},\"inLanguage\":\"es-ES\",\"potentialAction\":[{\"@type\":\"ReadAction\",\"target\":[\"https:\/\/energielive.nl\/es\/referencias\/\"]}]},{\"@type\":\"BreadcrumbList\",\"@id\":\"https:\/\/energielive.nl\/es\/referencias\/#breadcrumb\",\"itemListElement\":[{\"@type\":\"ListItem\",\"position\":1,\"name\":\"Home\",\"item\":\"https:\/\/energielive.nl\/es\/\"},{\"@type\":\"ListItem\",\"position\":2,\"name\":\"Referencias\"}]},{\"@type\":\"WebSite\",\"@id\":\"https:\/\/energielive.nl\/es\/#website\",\"url\":\"https:\/\/energielive.nl\/es\/\",\"name\":\"EnergieLive\",\"description\":\"On-Nederlands goede service in zakelijk energie-advies\",\"potentialAction\":[{\"@type\":\"SearchAction\",\"target\":{\"@type\":\"EntryPoint\",\"urlTemplate\":\"https:\/\/energielive.nl\/es\/?s={search_term_string}\"},\"query-input\":{\"@type\":\"PropertyValueSpecification\",\"valueRequired\":true,\"valueName\":\"search_term_string\"}}],\"inLanguage\":\"es-ES\"}]}<\/script>\n<!-- \/ Yoast SEO Premium plugin. -->","yoast_head_json":{"title":"Referencias - EnergieLive","robots":{"index":"index","follow":"follow","max-snippet":"max-snippet:-1","max-image-preview":"max-image-preview:large","max-video-preview":"max-video-preview:-1"},"canonical":"https:\/\/energielive.nl\/es\/referencias\/","og_locale":"es_ES","og_type":"article","og_title":"Referencias","og_url":"https:\/\/energielive.nl\/es\/referencias\/","og_site_name":"EnergieLive","article_modified_time":"2025-05-16T06:59:44+00:00","twitter_card":"summary_large_image","schema":{"@context":"https:\/\/schema.org","@graph":[{"@type":"WebPage","@id":"https:\/\/energielive.nl\/es\/referencias\/","url":"https:\/\/energielive.nl\/es\/referencias\/","name":"Referencias - EnergieLive","isPartOf":{"@id":"https:\/\/energielive.nl\/es\/#website"},"datePublished":"2023-05-24T07:39:39+00:00","dateModified":"2025-05-16T06:59:44+00:00","breadcrumb":{"@id":"https:\/\/energielive.nl\/es\/referencias\/#breadcrumb"},"inLanguage":"es-ES","potentialAction":[{"@type":"ReadAction","target":["https:\/\/energielive.nl\/es\/referencias\/"]}]},{"@type":"BreadcrumbList","@id":"https:\/\/energielive.nl\/es\/referencias\/#breadcrumb","itemListElement":[{"@type":"ListItem","position":1,"name":"Home","item":"https:\/\/energielive.nl\/es\/"},{"@type":"ListItem","position":2,"name":"Referencias"}]},{"@type":"WebSite","@id":"https:\/\/energielive.nl\/es\/#website","url":"https:\/\/energielive.nl\/es\/","name":"EnergieLive","description":"On-Nederlands goede service in zakelijk energie-advies","potentialAction":[{"@type":"SearchAction","target":{"@type":"EntryPoint","urlTemplate":"https:\/\/energielive.nl\/es\/?s={search_term_string}"},"query-input":{"@type":"PropertyValueSpecification","valueRequired":true,"valueName":"search_term_string"}}],"inLanguage":"es-ES"}]}},"_links":{"self":[{"href":"https:\/\/energielive.nl\/es\/wp-json\/wp\/v2\/pages\/852","targetHints":{"allow":["GET"]}}],"collection":[{"href":"https:\/\/energielive.nl\/es\/wp-json\/wp\/v2\/pages"}],"about":[{"href":"https:\/\/energielive.nl\/es\/wp-json\/wp\/v2\/types\/page"}],"author":[{"embeddable":true,"href":"https:\/\/energielive.nl\/es\/wp-json\/wp\/v2\/users\/1"}],"replies":[{"embeddable":true,"href":"https:\/\/energielive.nl\/es\/wp-json\/wp\/v2\/comments?post=852"}],"version-history":[{"count":1,"href":"https:\/\/energielive.nl\/es\/wp-json\/wp\/v2\/pages\/852\/revisions"}],"predecessor-version":[{"id":859,"href":"https:\/\/energielive.nl\/es\/wp-json\/wp\/v2\/pages\/852\/revisions\/859"}],"wp:attachment":[{"href":"https:\/\/energielive.nl\/es\/wp-json\/wp\/v2\/media?parent=852"}],"curies":[{"name":"wp","href":"https:\/\/api.w.org\/{rel}","templated":true}]}}