{"id":829,"date":"2023-05-23T14:35:08","date_gmt":"2023-05-23T12:35:08","guid":{"rendered":"https:\/\/energielive.nl\/inicio\/"},"modified":"2025-06-11T15:07:35","modified_gmt":"2025-06-11T13:07:35","slug":"inicio","status":"publish","type":"page","link":"https:\/\/energielive.nl\/es\/","title":{"rendered":"Inicio"},"content":{"rendered":"<header data-aos=\"fade\" class=\"content-block content-block--header-slider bg-blue md:h-[35rem] relative md:cursor-none overflow-hidden\">\n    <div class=\"header-slider__content bg-purple z-[2] relative md:bg-transparent text-white md:text-inherit p-7 md:py-0 md:flex md:items-center md:h-full\">\n        <div class=\"container md:-translate-x-[calc(var(--current-slide)*560px)] md:transition-transform md:duration-700 md:ease-[unset]\">\n            <div class=\"md:max-w-[42%]\">\n                <h1 class=\"text-h1--special\">Servicio inigualable<\/h1>\n                <div class=\"text-white text-[1.125rem] md:text-[1.375rem] mt-2.5 md:mt-12 md:ml-1\">En el asesoramiento energ\u00e9tico a empresas<\/div>\n            <\/div>\n        <\/div>\n    <\/div>\n            <div class=\"header-slider__slider md:absolute md:inset-y-0 md:left-[calc(50%-300px)] flex md:-translate-x-[calc(var(--current-slide)*560px)] md:transition-transform md:duration-700 md:ease-[unset]\">\n            <img fetchpriority=\"high\" decoding=\"async\" width=\"1000\" height=\"900\" src=\"https:\/\/energielive.nl\/app\/uploads\/2025\/02\/EnergieLive-Team-2025_1_900h.jpg\" class=\"md:h-full md:w-auto grow basis-0 min-w-0 md:min-w-[unset] md:grow-[unset] md:basis-[unset]\" alt=\"\" loading=\"eager\" srcset=\"https:\/\/energielive.nl\/app\/uploads\/2025\/02\/EnergieLive-Team-2025_1_900h.jpg 1000w, https:\/\/energielive.nl\/app\/uploads\/2025\/02\/EnergieLive-Team-2025_1_900h-300x270.jpg 300w, https:\/\/energielive.nl\/app\/uploads\/2025\/02\/EnergieLive-Team-2025_1_900h-768x691.jpg 768w\" sizes=\"(max-width: 1000px) 100vw, 1000px\" \/><img decoding=\"async\" width=\"1000\" height=\"900\" src=\"https:\/\/energielive.nl\/app\/uploads\/2025\/02\/EnergieLive-Team-2025_2_900h.jpg\" class=\"md:h-full md:w-auto grow basis-0 min-w-0 md:min-w-[unset] md:grow-[unset] md:basis-[unset]\" alt=\"\" loading=\"eager\" srcset=\"https:\/\/energielive.nl\/app\/uploads\/2025\/02\/EnergieLive-Team-2025_2_900h.jpg 1000w, https:\/\/energielive.nl\/app\/uploads\/2025\/02\/EnergieLive-Team-2025_2_900h-300x270.jpg 300w, https:\/\/energielive.nl\/app\/uploads\/2025\/02\/EnergieLive-Team-2025_2_900h-768x691.jpg 768w\" sizes=\"(max-width: 1000px) 100vw, 1000px\" \/><img decoding=\"async\" width=\"1000\" height=\"900\" src=\"https:\/\/energielive.nl\/app\/uploads\/2025\/02\/EnergieLive-Team-2025_3_900h.jpg\" class=\"md:h-full md:w-auto grow basis-0 min-w-0 md:min-w-[unset] md:grow-[unset] md:basis-[unset]\" alt=\"\" loading=\"eager\" srcset=\"https:\/\/energielive.nl\/app\/uploads\/2025\/02\/EnergieLive-Team-2025_3_900h.jpg 1000w, https:\/\/energielive.nl\/app\/uploads\/2025\/02\/EnergieLive-Team-2025_3_900h-300x270.jpg 300w, https:\/\/energielive.nl\/app\/uploads\/2025\/02\/EnergieLive-Team-2025_3_900h-768x691.jpg 768w\" sizes=\"(max-width: 1000px) 100vw, 1000px\" \/><img decoding=\"async\" width=\"1000\" height=\"900\" src=\"https:\/\/energielive.nl\/app\/uploads\/2025\/02\/EnergieLive-Team-2025_4_900h.jpg\" class=\"md:h-full md:w-auto grow basis-0 min-w-0 md:min-w-[unset] md:grow-[unset] md:basis-[unset]\" alt=\"\" loading=\"eager\" srcset=\"https:\/\/energielive.nl\/app\/uploads\/2025\/02\/EnergieLive-Team-2025_4_900h.jpg 1000w, https:\/\/energielive.nl\/app\/uploads\/2025\/02\/EnergieLive-Team-2025_4_900h-300x270.jpg 300w, https:\/\/energielive.nl\/app\/uploads\/2025\/02\/EnergieLive-Team-2025_4_900h-768x691.jpg 768w\" sizes=\"(max-width: 1000px) 100vw, 1000px\" \/>        <\/div>\n    <\/header>\n\n\n<section data-aos=\"fade-up\" class=\"content-block content-block--title-text px-7 py-7 md:py-20 lg:py-24 \">\n    <div class=\"container grid grid-cols-1 md:grid-cols-12 gap-y-6\">\n        <div class=\"md:col-span-5\">\n            <h2>La respuesta a cualquier cuesti\u00f3n energ\u00e9tica desde 2006<\/h2>\n\n                    <\/div>\n                    <div class=\"md:col-span-6 md:col-start-7\">\n                <div class=\"content content--no-px\">\n                    <p>Desde Pymes hasta multinacionales, desde museos hasta corporaciones de viviendas: con EnergieLive, cualquier organizaci\u00f3n puede contar con el mejor servicio. Como uno de los primeros asesores energ\u00e9ticos de los Pa\u00edses Bajos, orientamos a nuestros clientes de la A a la Z en la gesti\u00f3n energ\u00e9tica.<\/p>\n                <\/div>\n\n                                    <a class=\"mt-7 inline-block\" href=\"https:\/\/energielive.nl\/es\/sobre-nosotros\/\" target=\"\">Con\u00f3zcanos<\/a>\n                            <\/div>\n            <\/div>\n<\/section>\n\n\n    <section  class=\"content-block content-block--section-header px-7 py-7 md:py-20 lg:py-24 bg-purple text-white\">\n    <div class=\"container text-center\">\n                <h2 class=\"text-h3\">As\u00ed aprovechamos al m\u00e1ximo la energ\u00eda de su negocio<\/h2>\n    <\/div>\n<\/section>\n    <section class=\"content-block content-block--services overflow-hidden lg:overflow-visible md:px-7 mb-14 md:mb-28 lg:mb-32 relative before:absolute before:inset-x-0 before:top-0 before:h-[15.625rem] before:bg-purple\">\n        <div class=\"swiper !w-[calc(100%-80px)] !overflow-visible container\">\n            <div class=\"swiper-wrapper lg:grid lg:grid-cols-3 lg:gap-10 pb-5\">\n                                    <div class=\"swiper-slide !h-auto z-[+1] !flex flex-col p-5 lg:p-7 pt-0 relative after:absolute after:inset-0 after:rounded after:bg-white after:shadow-[0_0_20px_-4px_theme(colors.purple\/80%)] after:-z-[1] after:transition-transform after:duration-300 lg:hover:after:scale-[106%]\">\n                        <div class=\"py-[1.875rem] lg:py-[2.25rem] qhd:py-[3.1875rem] border-b border-light-purple\">\n                            <img decoding=\"async\" width=\"1\" height=\"1\" src=\"https:\/\/energielive.nl\/app\/uploads\/2023\/05\/bespaart-1.svg\" class=\"max-h-[2.5rem] lg:max-h-[5.625rem] xl:max-h-[6.75rem] h-full w-auto mx-auto\" alt=\"\" loading=\"eager\" \/>                        <\/div>\n                        <h2 class=\"text-h3 mt-5\">\n                            <span class=\"text-green\">EnergieLive<\/span>\n                            <span class=\"lowercase block\">Ahorra<\/span>\n                        <\/h2>\n                        <p class=\"mt-2.5 mb-20 lg:mb-9 text-[0.875rem] qhd:mb-20 lg:text-[1.0625rem]\">Nuestros expertos sacan el m\u00e1ximo partido de su cartera energ\u00e9tica y consiguen ahorros en la compra, el consumo y otros costes energ\u00e9ticos.<\/p>\n                        <a href=\"https:\/\/energielive.nl\/es\/service\/ahorra\/\" class=\"btn btn--arrow w-fit mt-auto before:absolute before:inset-0\">Siga leyendo<\/a>\n                    <\/div>\n                                    <div class=\"swiper-slide !h-auto z-[+1] !flex flex-col p-5 lg:p-7 pt-0 relative after:absolute after:inset-0 after:rounded after:bg-white after:shadow-[0_0_20px_-4px_theme(colors.purple\/80%)] after:-z-[1] after:transition-transform after:duration-300 lg:hover:after:scale-[106%]\">\n                        <div class=\"py-[1.875rem] lg:py-[2.25rem] qhd:py-[3.1875rem] border-b border-light-purple\">\n                            <img decoding=\"async\" width=\"1\" height=\"1\" src=\"https:\/\/energielive.nl\/app\/uploads\/2023\/05\/ontzorgt.svg\" class=\"max-h-[2.5rem] lg:max-h-[5.625rem] xl:max-h-[6.75rem] h-full w-auto mx-auto\" alt=\"\" loading=\"eager\" \/>                        <\/div>\n                        <h2 class=\"text-h3 mt-5\">\n                            <span class=\"text-green\">EnergieLive<\/span>\n                            <span class=\"lowercase block\">Facilita<\/span>\n                        <\/h2>\n                        <p class=\"mt-2.5 mb-20 lg:mb-9 text-[0.875rem] qhd:mb-20 lg:text-[1.0625rem]\">Su equipo de cuentas fijo se encargar\u00e1 de toda la gesti\u00f3n de su cartera energ\u00e9tica por usted.<\/p>\n                        <a href=\"https:\/\/energielive.nl\/es\/service\/facilita\/\" class=\"btn btn--arrow w-fit mt-auto before:absolute before:inset-0\">Siga leyendo<\/a>\n                    <\/div>\n                                    <div class=\"swiper-slide !h-auto z-[+1] !flex flex-col p-5 lg:p-7 pt-0 relative after:absolute after:inset-0 after:rounded after:bg-white after:shadow-[0_0_20px_-4px_theme(colors.purple\/80%)] after:-z-[1] after:transition-transform after:duration-300 lg:hover:after:scale-[106%]\">\n                        <div class=\"py-[1.875rem] lg:py-[2.25rem] qhd:py-[3.1875rem] border-b border-light-purple\">\n                            <img decoding=\"async\" width=\"1\" height=\"1\" src=\"https:\/\/energielive.nl\/app\/uploads\/2023\/05\/verduurzaamt.svg\" class=\"max-h-[2.5rem] lg:max-h-[5.625rem] xl:max-h-[6.75rem] h-full w-auto mx-auto\" alt=\"\" loading=\"eager\" \/>                        <\/div>\n                        <h2 class=\"text-h3 mt-5\">\n                            <span class=\"text-green\">EnergieLive<\/span>\n                            <span class=\"lowercase block\">Sostenibiliza<\/span>\n                        <\/h2>\n                        <p class=\"mt-2.5 mb-20 lg:mb-9 text-[0.875rem] qhd:mb-20 lg:text-[1.0625rem]\">Nuestros expertos en sostenibilidad se aseguran de hacer realidad sus ambiciones verdes y de que cumpla con las obligaciones legales.<\/p>\n                        <a href=\"https:\/\/energielive.nl\/es\/service\/sostenibiliza\/\" class=\"btn btn--arrow w-fit mt-auto before:absolute before:inset-0\">Siga leyendo<\/a>\n                    <\/div>\n                            <\/div>\n        <\/div>\n    <\/section>\n\n\n    <section data-aos=\"fade-up\" class=\"content-block content-block--clients-row px-7 mt-10 qhd:mt-16 mb-8 md:mb-24\">\n        <div class=\"container\">\n            <h2 class=\"text-h3 md:text-h4 text-center\">Organizaciones que ya han colaborado con nosotros<\/h2>\n            <div class=\"shadow-[0_25px_20px_-25px_theme(colors.purple\/60%)] w-full py-8 -mt-3 lg:mt-0 mb-12 md:mb-16\"><\/div>\n            <div class=\"flex flex-col justify-center md:flex-row md:flex-wrap gap-12 md:gap-5\">\n                                                            <div>\n                            <img loading=\"lazy\" decoding=\"async\" width=\"261\" height=\"80\" src=\"https:\/\/energielive.nl\/app\/uploads\/2023\/05\/basic-fit.png\" class=\"h-full max-h-[3.75rem] w-auto mx-auto wp-post-image\" alt=\"Basic-Fit\" \/>                        <\/div>\n                                                                                <div>\n                            <img loading=\"lazy\" decoding=\"async\" width=\"1024\" height=\"430\" src=\"https:\/\/energielive.nl\/app\/uploads\/2025\/06\/hyatt-1024x430.png\" class=\"h-full max-h-[3.75rem] w-auto mx-auto wp-post-image\" alt=\"Hyatt\" srcset=\"https:\/\/energielive.nl\/app\/uploads\/2025\/06\/hyatt-1024x430.png 1024w, https:\/\/energielive.nl\/app\/uploads\/2025\/06\/hyatt-300x126.png 300w, https:\/\/energielive.nl\/app\/uploads\/2025\/06\/hyatt-768x322.png 768w, https:\/\/energielive.nl\/app\/uploads\/2025\/06\/hyatt.png 1482w\" sizes=\"(max-width: 1024px) 100vw, 1024px\" \/>                        <\/div>\n                                                                                <div>\n                            <img loading=\"lazy\" decoding=\"async\" width=\"1024\" height=\"308\" src=\"https:\/\/energielive.nl\/app\/uploads\/2025\/06\/Ayvens-Logo-1024x308.png\" class=\"h-full max-h-[3.75rem] w-auto mx-auto wp-post-image\" alt=\"Ayvens\" srcset=\"https:\/\/energielive.nl\/app\/uploads\/2025\/06\/Ayvens-Logo-1024x308.png 1024w, https:\/\/energielive.nl\/app\/uploads\/2025\/06\/Ayvens-Logo-300x90.png 300w, https:\/\/energielive.nl\/app\/uploads\/2025\/06\/Ayvens-Logo-768x231.png 768w, https:\/\/energielive.nl\/app\/uploads\/2025\/06\/Ayvens-Logo-1536x461.png 1536w, https:\/\/energielive.nl\/app\/uploads\/2025\/06\/Ayvens-Logo.png 2004w\" sizes=\"(max-width: 1024px) 100vw, 1024px\" \/>                        <\/div>\n                                                                                <div>\n                            <img loading=\"lazy\" decoding=\"async\" width=\"261\" height=\"80\" src=\"https:\/\/energielive.nl\/app\/uploads\/2023\/05\/euronext.png\" class=\"h-full max-h-[3.75rem] w-auto mx-auto wp-post-image\" alt=\"Euronext\" \/>                        <\/div>\n                                                                                <div>\n                            <img loading=\"lazy\" decoding=\"async\" width=\"261\" height=\"81\" src=\"https:\/\/energielive.nl\/app\/uploads\/2023\/05\/WWF.png\" class=\"h-full max-h-[3.75rem] w-auto mx-auto wp-post-image\" alt=\"Wereld Natuur Fonds\" \/>                        <\/div>\n                                                                                <div>\n                            <img loading=\"lazy\" decoding=\"async\" width=\"1024\" height=\"430\" src=\"https:\/\/energielive.nl\/app\/uploads\/2025\/06\/easy-1024x430.png\" class=\"h-full max-h-[3.75rem] w-auto mx-auto wp-post-image\" alt=\"Easy Hotel\" srcset=\"https:\/\/energielive.nl\/app\/uploads\/2025\/06\/easy-1024x430.png 1024w, https:\/\/energielive.nl\/app\/uploads\/2025\/06\/easy-300x126.png 300w, https:\/\/energielive.nl\/app\/uploads\/2025\/06\/easy-768x322.png 768w, https:\/\/energielive.nl\/app\/uploads\/2025\/06\/easy.png 1482w\" sizes=\"(max-width: 1024px) 100vw, 1024px\" \/>                        <\/div>\n                                                <\/div>\n        <\/div>\n    <\/section>\n\n\n\n<section data-aos=\"fade-up\" class=\"content-block content-block--media-text px-7 my-7 md:my-20 lg:my-24\">\n    <div class=\"container border border-light-purple rounded-[1.25rem] overflow-hidden grid grid-cols-1 md:grid-cols-12\">\n        <img loading=\"lazy\" decoding=\"async\" width=\"660\" height=\"499\" src=\"https:\/\/energielive.nl\/app\/uploads\/2023\/05\/media-text.jpg\" class=\"w-full h-full object-cover md:col-span-6\" alt=\"\" srcset=\"https:\/\/energielive.nl\/app\/uploads\/2023\/05\/media-text.jpg 660w, https:\/\/energielive.nl\/app\/uploads\/2023\/05\/media-text-300x227.jpg 300w\" sizes=\"(max-width: 660px) 100vw, 660px\" \/>        <div class=\"md:col-span-5 md:col-start-8 self-center px-5 pb-5 pt-7 md:py-5\">\n            <h2>Nuestro equipo est\u00e1 a su disposici\u00f3n<\/h2>\n            <div class=\"content content--no-px mt-6 [&#038;_ul]:list--checkmarks [&#038;_ul]:space-y-4\"><p>Gesti\u00f3n energ\u00e9tica perfectamente resuelta de la A a la Z y todas sus preguntas contestadas en un lenguaje claro. Nuestra prioridad es satisfacer al 100\u00a0% a nuestros clientes.<\/p>\n<\/div>\n                            <a class=\"mt-7 inline-block \" href=\"https:\/\/energielive.es\/contacto\/\" target=\"\">P\u00f3ngase en contacto con nosotros<\/a>\n                    <\/div>\n    <\/div>\n<\/section>\n\n\n    <section data-aos=\"fade-up\" class=\"content-block content-block--section-header px-7 py-7 md:py-20 lg:py-24 bg-purple text-white\">\n    <div class=\"container text-center\">\n                <h2 class=\"text-h3\">Nuestros clientes son la mejor referencia<\/h2>\n    <\/div>\n<\/section>\n    <section data-aos=\"fade-up\" class=\"content-block content-block--double-reference px-7 my-7 md:my-20 lg:my-24\" data-lrc-exclude>\n        <div class=\"container grid grid-cols-1 lg:grid-cols-2 gap-y-12 gap-x-16\">\n                            <div class=\"lg:-mt-40\">\n                                            <div>\n                            <img loading=\"lazy\" decoding=\"async\" width=\"1024\" height=\"1024\" src=\"https:\/\/energielive.nl\/app\/uploads\/2023\/05\/studenthotel-thumbnail-1024x1024.jpg\" class=\"lg:w-4\/5 wp-post-image\" alt=\"El colectivo hotelero\" srcset=\"https:\/\/energielive.nl\/app\/uploads\/2023\/05\/studenthotel-thumbnail-1024x1024.jpg 1024w, https:\/\/energielive.nl\/app\/uploads\/2023\/05\/studenthotel-thumbnail-300x300.jpg 300w, https:\/\/energielive.nl\/app\/uploads\/2023\/05\/studenthotel-thumbnail-150x150.jpg 150w, https:\/\/energielive.nl\/app\/uploads\/2023\/05\/studenthotel-thumbnail-768x768.jpg 768w, https:\/\/energielive.nl\/app\/uploads\/2023\/05\/studenthotel-thumbnail.jpg 1335w\" sizes=\"(max-width: 1024px) 100vw, 1024px\" \/>                                                            <ul class=\"list--unstyled px-7 border-l-2 border-green text-[1.5rem] mt-10\">\n                                                                            <li><\/li>\n                                                                            <li><\/li>\n                                                                    <\/ul>\n                                                                                        <figure class=\"px-7\">\n                                    <blockquote class=\"mt-10\">\n                                        <p class=\"text-[1.5rem] italic font-semibold text-green leading-[1.1875]\">Estamos extremadamente satisfechos. EnergieLive ha aliviado nuestra carga y alcanzado los ahorros previstos<\/p>\n                                    <\/blockquote>\n                                                                            <figcaption class=\"mt-7\">\n                                            <p class=\"font-bold\">Kristian Aipassa<\/p>\n                                            <p> Sr. Commercial Real Estate Development Manager \u2013 Europe<\/p>\n                                        <\/figcaption>\n                                                                    <\/figure>\n                                                    <\/div>\n                                    <\/div>\n                            <div class=\"\">\n                                            <div>\n                            <img loading=\"lazy\" decoding=\"async\" width=\"1024\" height=\"1024\" src=\"https:\/\/energielive.nl\/app\/uploads\/2023\/05\/Rijksmuseum-thumbnail-1024x1024.jpg\" class=\"lg:w-4\/5 wp-post-image\" alt=\"El colectivo cultural\" srcset=\"https:\/\/energielive.nl\/app\/uploads\/2023\/05\/Rijksmuseum-thumbnail-1024x1024.jpg 1024w, https:\/\/energielive.nl\/app\/uploads\/2023\/05\/Rijksmuseum-thumbnail-300x300.jpg 300w, https:\/\/energielive.nl\/app\/uploads\/2023\/05\/Rijksmuseum-thumbnail-150x150.jpg 150w, https:\/\/energielive.nl\/app\/uploads\/2023\/05\/Rijksmuseum-thumbnail-768x768.jpg 768w, https:\/\/energielive.nl\/app\/uploads\/2023\/05\/Rijksmuseum-thumbnail.jpg 1335w\" sizes=\"(max-width: 1024px) 100vw, 1024px\" \/>                                                            <ul class=\"list--unstyled px-7 border-l-2 border-green text-[1.5rem] mt-10\">\n                                                                            <li><\/li>\n                                                                            <li><\/li>\n                                                                    <\/ul>\n                                                                                        <figure class=\"px-7\">\n                                    <blockquote class=\"mt-10\">\n                                        <p class=\"text-[1.5rem] italic font-semibold text-green leading-[1.1875]\">Sus empleados tienen un alto grado de dedicaci\u00f3n y conocimiento, lo que hace que trabajar con EnergieLive sea sumamente agradable<\/p>\n                                    <\/blockquote>\n                                                                            <figcaption class=\"mt-7\">\n                                            <p class=\"font-bold\">Karen Keeman<\/p>\n                                            <p>Manager Facilities Rijksmuseum Amsterdam<\/p>\n                                        <\/figcaption>\n                                                                    <\/figure>\n                                                    <\/div>\n                                    <\/div>\n                    <\/div>\n    <\/section>\n","protected":false},"excerpt":{"rendered":"","protected":false},"author":1,"featured_media":0,"parent":0,"menu_order":0,"comment_status":"closed","ping_status":"closed","template":"","meta":{"_acf_changed":false,"footnotes":""},"class_list":["post-829","page","type-page","status-publish","hentry"],"acf":[],"yoast_head":"<!-- This site is optimized with the Yoast SEO Premium plugin v22.8 (Yoast SEO v26.9) - https:\/\/yoast.com\/product\/yoast-seo-premium-wordpress\/ -->\n<title>Inicio - EnergieLive<\/title>\n<meta name=\"robots\" content=\"index, follow, max-snippet:-1, max-image-preview:large, max-video-preview:-1\" \/>\n<link rel=\"canonical\" href=\"https:\/\/energielive.nl\/es\/\" \/>\n<meta property=\"og:locale\" content=\"es_ES\" \/>\n<meta property=\"og:type\" content=\"article\" \/>\n<meta property=\"og:title\" content=\"Inicio\" \/>\n<meta property=\"og:url\" content=\"https:\/\/energielive.nl\/es\/\" \/>\n<meta property=\"og:site_name\" content=\"EnergieLive\" \/>\n<meta property=\"article:modified_time\" content=\"2025-06-11T13:07:35+00:00\" \/>\n<meta name=\"twitter:card\" content=\"summary_large_image\" \/>\n<meta name=\"twitter:label1\" content=\"Est. reading time\" \/>\n\t<meta name=\"twitter:data1\" content=\"2 minutes\" \/>\n<script type=\"application\/ld+json\" class=\"yoast-schema-graph\">{\"@context\":\"https:\/\/schema.org\",\"@graph\":[{\"@type\":\"WebPage\",\"@id\":\"https:\/\/energielive.nl\/es\/\",\"url\":\"https:\/\/energielive.nl\/es\/\",\"name\":\"Inicio - EnergieLive\",\"isPartOf\":{\"@id\":\"https:\/\/energielive.nl\/es\/#website\"},\"datePublished\":\"2023-05-23T12:35:08+00:00\",\"dateModified\":\"2025-06-11T13:07:35+00:00\",\"breadcrumb\":{\"@id\":\"https:\/\/energielive.nl\/es\/#breadcrumb\"},\"inLanguage\":\"es-ES\",\"potentialAction\":[{\"@type\":\"ReadAction\",\"target\":[\"https:\/\/energielive.nl\/es\/\"]}]},{\"@type\":\"BreadcrumbList\",\"@id\":\"https:\/\/energielive.nl\/es\/#breadcrumb\",\"itemListElement\":[{\"@type\":\"ListItem\",\"position\":1,\"name\":\"Home\",\"item\":\"https:\/\/energielive.nl\/es\/\"},{\"@type\":\"ListItem\",\"position\":2,\"name\":\"Inicio\"}]},{\"@type\":\"WebSite\",\"@id\":\"https:\/\/energielive.nl\/es\/#website\",\"url\":\"https:\/\/energielive.nl\/es\/\",\"name\":\"EnergieLive\",\"description\":\"On-Nederlands goede service in zakelijk energie-advies\",\"potentialAction\":[{\"@type\":\"SearchAction\",\"target\":{\"@type\":\"EntryPoint\",\"urlTemplate\":\"https:\/\/energielive.nl\/es\/?s={search_term_string}\"},\"query-input\":{\"@type\":\"PropertyValueSpecification\",\"valueRequired\":true,\"valueName\":\"search_term_string\"}}],\"inLanguage\":\"es-ES\"}]}<\/script>\n<!-- \/ Yoast SEO Premium plugin. -->","yoast_head_json":{"title":"Inicio - EnergieLive","robots":{"index":"index","follow":"follow","max-snippet":"max-snippet:-1","max-image-preview":"max-image-preview:large","max-video-preview":"max-video-preview:-1"},"canonical":"https:\/\/energielive.nl\/es\/","og_locale":"es_ES","og_type":"article","og_title":"Inicio","og_url":"https:\/\/energielive.nl\/es\/","og_site_name":"EnergieLive","article_modified_time":"2025-06-11T13:07:35+00:00","twitter_card":"summary_large_image","twitter_misc":{"Est. reading time":"2 minutes"},"schema":{"@context":"https:\/\/schema.org","@graph":[{"@type":"WebPage","@id":"https:\/\/energielive.nl\/es\/","url":"https:\/\/energielive.nl\/es\/","name":"Inicio - EnergieLive","isPartOf":{"@id":"https:\/\/energielive.nl\/es\/#website"},"datePublished":"2023-05-23T12:35:08+00:00","dateModified":"2025-06-11T13:07:35+00:00","breadcrumb":{"@id":"https:\/\/energielive.nl\/es\/#breadcrumb"},"inLanguage":"es-ES","potentialAction":[{"@type":"ReadAction","target":["https:\/\/energielive.nl\/es\/"]}]},{"@type":"BreadcrumbList","@id":"https:\/\/energielive.nl\/es\/#breadcrumb","itemListElement":[{"@type":"ListItem","position":1,"name":"Home","item":"https:\/\/energielive.nl\/es\/"},{"@type":"ListItem","position":2,"name":"Inicio"}]},{"@type":"WebSite","@id":"https:\/\/energielive.nl\/es\/#website","url":"https:\/\/energielive.nl\/es\/","name":"EnergieLive","description":"On-Nederlands goede service in zakelijk energie-advies","potentialAction":[{"@type":"SearchAction","target":{"@type":"EntryPoint","urlTemplate":"https:\/\/energielive.nl\/es\/?s={search_term_string}"},"query-input":{"@type":"PropertyValueSpecification","valueRequired":true,"valueName":"search_term_string"}}],"inLanguage":"es-ES"}]}},"_links":{"self":[{"href":"https:\/\/energielive.nl\/es\/wp-json\/wp\/v2\/pages\/829","targetHints":{"allow":["GET"]}}],"collection":[{"href":"https:\/\/energielive.nl\/es\/wp-json\/wp\/v2\/pages"}],"about":[{"href":"https:\/\/energielive.nl\/es\/wp-json\/wp\/v2\/types\/page"}],"author":[{"embeddable":true,"href":"https:\/\/energielive.nl\/es\/wp-json\/wp\/v2\/users\/1"}],"replies":[{"embeddable":true,"href":"https:\/\/energielive.nl\/es\/wp-json\/wp\/v2\/comments?post=829"}],"version-history":[{"count":10,"href":"https:\/\/energielive.nl\/es\/wp-json\/wp\/v2\/pages\/829\/revisions"}],"predecessor-version":[{"id":969,"href":"https:\/\/energielive.nl\/es\/wp-json\/wp\/v2\/pages\/829\/revisions\/969"}],"wp:attachment":[{"href":"https:\/\/energielive.nl\/es\/wp-json\/wp\/v2\/media?parent=829"}],"curies":[{"name":"wp","href":"https:\/\/api.w.org\/{rel}","templated":true}]}}