{"id":818,"date":"2023-05-23T14:34:53","date_gmt":"2023-05-23T12:34:53","guid":{"rendered":"https:\/\/energielive.nl\/sobre-nosotros\/"},"modified":"2025-05-22T16:33:43","modified_gmt":"2025-05-22T14:33:43","slug":"sobre-nosotros","status":"publish","type":"page","link":"https:\/\/energielive.nl\/es\/sobre-nosotros\/","title":{"rendered":"Sobre nosotros"},"content":{"rendered":"\n<header data-aos=\"fade-up\" class=\"content-block content-block--header grid grid-cols-1 md:grid-cols-2 max-h-fit\">\n    <div class=\"px-7 md:px-12 max-h-fit flex items-center py-7 md:py-32\">\n        <div class=\"md:max-w-[38.5rem] w-full max-h-fit md:ml-auto\">\n            <div class=\"md:max-w-[31.875rem]\">\n                                    <h1>Puede contar con EnergieLive.<\/h1>\n                                <div class=\"mt-2.5 md:mt-5 lg:mt-6\"><p>Desde Pymes hasta multinacionales, desde museos hasta corporaciones de viviendas: cualquier organizaci\u00f3n puede contar con el mejor servicio. Como uno de los primeros asesores energ\u00e9ticos de los Pa\u00edses Bajos, orientamos a nuestros clientes de la A a la Z en su gesti\u00f3n energ\u00e9tica.<\/p>\n<\/div>\n            <\/div>\n        <\/div>\n    <\/div>\n    <div class=\"relative hidden md:block  before:absolute before:top-0 before:left-0 before:w-[35%] before:h-full before:z-[+1] before:bg-[linear-gradient(90deg,white_12%,transparent_100%)]\">\n        <img loading=\"lazy\" decoding=\"async\" width=\"1803\" height=\"1203\" src=\"https:\/\/energielive.nl\/app\/uploads\/2023\/05\/EnergieLive_Goede_service_Madelon.jpg\" class=\"object-cover relative h-full w-full aspect-[485\/200] md:aspect-auto\" alt=\"\" srcset=\"https:\/\/energielive.nl\/app\/uploads\/2023\/05\/EnergieLive_Goede_service_Madelon.jpg 1803w, https:\/\/energielive.nl\/app\/uploads\/2023\/05\/EnergieLive_Goede_service_Madelon-300x200.jpg 300w, https:\/\/energielive.nl\/app\/uploads\/2023\/05\/EnergieLive_Goede_service_Madelon-1024x683.jpg 1024w, https:\/\/energielive.nl\/app\/uploads\/2023\/05\/EnergieLive_Goede_service_Madelon-768x512.jpg 768w, https:\/\/energielive.nl\/app\/uploads\/2023\/05\/EnergieLive_Goede_service_Madelon-1536x1025.jpg 1536w\" sizes=\"(max-width: 1803px) 100vw, 1803px\" \/>                    <\/div>\n<\/header>\n\n<section data-aos=\"fade-up\" class=\"content-block content-block--section-header px-7 py-7 md:py-20 lg:py-24 bg-purple text-white\">\n    <div class=\"container text-center\">\n                <h2 class=\"text-h3\">Servicio inigualable desde 2006<\/h2>\n    <\/div>\n<\/section>\n\n    <section data-aos=\"fade-up\" class=\"content-block content-block--image\">\n        <img loading=\"lazy\" decoding=\"async\" width=\"2560\" height=\"640\" src=\"https:\/\/energielive.nl\/app\/uploads\/2025\/02\/EL-Header-heel-scaled-2025.jpg\" class=\"w-full object-cover\" alt=\"\" srcset=\"https:\/\/energielive.nl\/app\/uploads\/2025\/02\/EL-Header-heel-scaled-2025.jpg 2560w, https:\/\/energielive.nl\/app\/uploads\/2025\/02\/EL-Header-heel-scaled-2025-300x75.jpg 300w, https:\/\/energielive.nl\/app\/uploads\/2025\/02\/EL-Header-heel-scaled-2025-1024x256.jpg 1024w, https:\/\/energielive.nl\/app\/uploads\/2025\/02\/EL-Header-heel-scaled-2025-768x192.jpg 768w, https:\/\/energielive.nl\/app\/uploads\/2025\/02\/EL-Header-heel-scaled-2025-1536x384.jpg 1536w, https:\/\/energielive.nl\/app\/uploads\/2025\/02\/EL-Header-heel-scaled-2025-2048x512.jpg 2048w\" sizes=\"(max-width: 2560px) 100vw, 2560px\" \/>    <\/section>\n\n\n\n<section data-aos=\"fade-up\" class=\"content-block content-block--title-text px-7 py-7 md:py-20 lg:py-24 \">\n    <div class=\"container grid grid-cols-1 md:grid-cols-12 gap-y-6\">\n        <div class=\"md:col-span-5\">\n            <h2>EnergieLive ahorra, facilita y sostenibiliza<\/h2>\n\n                    <\/div>\n                    <div class=\"md:col-span-6 md:col-start-7\">\n                <div class=\"content content--no-px\">\n                    <p>Nuestra empresa, fundada en 2006, es una de las primeras consultor\u00edas energ\u00e9ticas de &#8220;servicio completo&#8221; de los Pa\u00edses Bajos. Nos hemos convertido en uno de los actores clave al centrarnos siempre en un 100\u00a0% de satisfacci\u00f3n del cliente. Somos el punto de contacto de nuestros clientes para cualquier cuesti\u00f3n relacionada con la energ\u00eda. Aportamos grandes ahorros en costes energ\u00e9ticos y le quitamos de encima toda preocupaci\u00f3n sobre su cartera energ\u00e9tica. Adem\u00e1s, le asesoramos sobre c\u00f3mo reducir el consumo y le orientamos sobre sus obligaciones legales en materia de sostenibilidad.<\/p>\n                <\/div>\n\n                            <\/div>\n            <\/div>\n<\/section>\n\n\n<section data-aos=\"fade-up\" class=\"content-block content-block--title-text px-7 py-7 md:py-20 lg:py-24 \">\n    <div class=\"container grid grid-cols-1 md:grid-cols-12 gap-y-6\">\n        <div class=\"md:col-span-5\">\n            <h2>Por un mundo sostenible<\/h2>\n\n                                                                        <img loading=\"lazy\" decoding=\"async\" width=\"382\" height=\"277\" src=\"https:\/\/energielive.nl\/app\/uploads\/2024\/10\/EnergieLive-duurzame-goede-doelen.png\" class=\"attachment-large size-large\" alt=\"\" srcset=\"https:\/\/energielive.nl\/app\/uploads\/2024\/10\/EnergieLive-duurzame-goede-doelen.png 382w, https:\/\/energielive.nl\/app\/uploads\/2024\/10\/EnergieLive-duurzame-goede-doelen-300x218.png 300w\" sizes=\"(max-width: 382px) 100vw, 382px\" \/>                                                        <\/div>\n                    <div class=\"md:col-span-6 md:col-start-7\">\n                <div class=\"content content--no-px\">\n                    <p class=\"p1\"><span class=\"s1\">Afortunadamente, el sector energ\u00e9tico es cada vez m\u00e1s sostenible. No obstante, nuestro consumo energ\u00e9tico colectivo contin\u00faa suponiendo una carga excesiva para nuestro planeta. Por ello, estamos involucrados con varias organizaciones ben\u00e9ficas sostenibles. Por ejemplo, cada a\u00f1o donamos un importe sustancial por client<\/span><span class=\"s2\">e<\/span><span class=\"s1\"> a <a href=\"https:\/\/www.rainforestfund.org\/\" target=\"_blank\" rel=\"noopener\">The Rainforest Foundation<\/a>, una organizaci\u00f3n dedicada a la conservaci\u00f3n de la selva tropical y sus habitantes.<\/span><\/p>\n<p class=\"p1\">Tambi\u00e9n nos preocupamos por las personas menos afortunadas. Por ese motivo, EnergieLive apoya a varias fundaciones ben\u00e9ficas con una donaci\u00f3n anual. <a href=\"https:\/\/www.shantibhavanchildren.org\/\">Shanti Bhavan<\/a> da a los ni\u00f1os peque\u00f1os de la India una oportunidad justa de recibir una educaci\u00f3n y, con ello, una salida de la pobreza. El orfanato <a href=\"https:\/\/www.emeraldhill.nl\/\">Emerald Hill<\/a> proporciona un lugar seguro y protegido a los hu\u00e9rfanos de Zimbabue. La fundaci\u00f3n <a href=\"https:\/\/www.freeagirl.nl\/\">Free A Girl<\/a> lucha por un mundo en el que todas las ni\u00f1as est\u00e9n a salvo de cualquier forma de explotaci\u00f3n.<\/p>\n                <\/div>\n\n                            <\/div>\n            <\/div>\n<\/section>","protected":false},"excerpt":{"rendered":"","protected":false},"author":1,"featured_media":0,"parent":0,"menu_order":0,"comment_status":"closed","ping_status":"closed","template":"","meta":{"_acf_changed":false,"footnotes":""},"class_list":["post-818","page","type-page","status-publish","hentry"],"acf":[],"yoast_head":"<!-- This site is optimized with the Yoast SEO Premium plugin v22.8 (Yoast SEO v26.9) - https:\/\/yoast.com\/product\/yoast-seo-premium-wordpress\/ -->\n<title>Sobre nosotros - EnergieLive<\/title>\n<meta name=\"robots\" content=\"index, follow, max-snippet:-1, max-image-preview:large, max-video-preview:-1\" \/>\n<link rel=\"canonical\" href=\"https:\/\/energielive.nl\/es\/sobre-nosotros\/\" \/>\n<meta property=\"og:locale\" content=\"es_ES\" \/>\n<meta property=\"og:type\" content=\"article\" \/>\n<meta property=\"og:title\" content=\"Sobre nosotros\" \/>\n<meta property=\"og:url\" content=\"https:\/\/energielive.nl\/es\/sobre-nosotros\/\" \/>\n<meta property=\"og:site_name\" content=\"EnergieLive\" \/>\n<meta property=\"article:modified_time\" content=\"2025-05-22T14:33:43+00:00\" \/>\n<meta name=\"twitter:card\" content=\"summary_large_image\" \/>\n<meta name=\"twitter:label1\" content=\"Est. reading time\" \/>\n\t<meta name=\"twitter:data1\" content=\"3 minutes\" \/>\n<script type=\"application\/ld+json\" class=\"yoast-schema-graph\">{\"@context\":\"https:\/\/schema.org\",\"@graph\":[{\"@type\":\"WebPage\",\"@id\":\"https:\/\/energielive.nl\/es\/sobre-nosotros\/\",\"url\":\"https:\/\/energielive.nl\/es\/sobre-nosotros\/\",\"name\":\"Sobre nosotros - EnergieLive\",\"isPartOf\":{\"@id\":\"https:\/\/energielive.nl\/es\/#website\"},\"datePublished\":\"2023-05-23T12:34:53+00:00\",\"dateModified\":\"2025-05-22T14:33:43+00:00\",\"breadcrumb\":{\"@id\":\"https:\/\/energielive.nl\/es\/sobre-nosotros\/#breadcrumb\"},\"inLanguage\":\"es-ES\",\"potentialAction\":[{\"@type\":\"ReadAction\",\"target\":[\"https:\/\/energielive.nl\/es\/sobre-nosotros\/\"]}]},{\"@type\":\"BreadcrumbList\",\"@id\":\"https:\/\/energielive.nl\/es\/sobre-nosotros\/#breadcrumb\",\"itemListElement\":[{\"@type\":\"ListItem\",\"position\":1,\"name\":\"Home\",\"item\":\"https:\/\/energielive.nl\/es\/\"},{\"@type\":\"ListItem\",\"position\":2,\"name\":\"Sobre nosotros\"}]},{\"@type\":\"WebSite\",\"@id\":\"https:\/\/energielive.nl\/es\/#website\",\"url\":\"https:\/\/energielive.nl\/es\/\",\"name\":\"EnergieLive\",\"description\":\"On-Nederlands goede service in zakelijk energie-advies\",\"potentialAction\":[{\"@type\":\"SearchAction\",\"target\":{\"@type\":\"EntryPoint\",\"urlTemplate\":\"https:\/\/energielive.nl\/es\/?s={search_term_string}\"},\"query-input\":{\"@type\":\"PropertyValueSpecification\",\"valueRequired\":true,\"valueName\":\"search_term_string\"}}],\"inLanguage\":\"es-ES\"}]}<\/script>\n<!-- \/ Yoast SEO Premium plugin. -->","yoast_head_json":{"title":"Sobre nosotros - EnergieLive","robots":{"index":"index","follow":"follow","max-snippet":"max-snippet:-1","max-image-preview":"max-image-preview:large","max-video-preview":"max-video-preview:-1"},"canonical":"https:\/\/energielive.nl\/es\/sobre-nosotros\/","og_locale":"es_ES","og_type":"article","og_title":"Sobre nosotros","og_url":"https:\/\/energielive.nl\/es\/sobre-nosotros\/","og_site_name":"EnergieLive","article_modified_time":"2025-05-22T14:33:43+00:00","twitter_card":"summary_large_image","twitter_misc":{"Est. reading time":"3 minutes"},"schema":{"@context":"https:\/\/schema.org","@graph":[{"@type":"WebPage","@id":"https:\/\/energielive.nl\/es\/sobre-nosotros\/","url":"https:\/\/energielive.nl\/es\/sobre-nosotros\/","name":"Sobre nosotros - EnergieLive","isPartOf":{"@id":"https:\/\/energielive.nl\/es\/#website"},"datePublished":"2023-05-23T12:34:53+00:00","dateModified":"2025-05-22T14:33:43+00:00","breadcrumb":{"@id":"https:\/\/energielive.nl\/es\/sobre-nosotros\/#breadcrumb"},"inLanguage":"es-ES","potentialAction":[{"@type":"ReadAction","target":["https:\/\/energielive.nl\/es\/sobre-nosotros\/"]}]},{"@type":"BreadcrumbList","@id":"https:\/\/energielive.nl\/es\/sobre-nosotros\/#breadcrumb","itemListElement":[{"@type":"ListItem","position":1,"name":"Home","item":"https:\/\/energielive.nl\/es\/"},{"@type":"ListItem","position":2,"name":"Sobre nosotros"}]},{"@type":"WebSite","@id":"https:\/\/energielive.nl\/es\/#website","url":"https:\/\/energielive.nl\/es\/","name":"EnergieLive","description":"On-Nederlands goede service in zakelijk energie-advies","potentialAction":[{"@type":"SearchAction","target":{"@type":"EntryPoint","urlTemplate":"https:\/\/energielive.nl\/es\/?s={search_term_string}"},"query-input":{"@type":"PropertyValueSpecification","valueRequired":true,"valueName":"search_term_string"}}],"inLanguage":"es-ES"}]}},"_links":{"self":[{"href":"https:\/\/energielive.nl\/es\/wp-json\/wp\/v2\/pages\/818","targetHints":{"allow":["GET"]}}],"collection":[{"href":"https:\/\/energielive.nl\/es\/wp-json\/wp\/v2\/pages"}],"about":[{"href":"https:\/\/energielive.nl\/es\/wp-json\/wp\/v2\/types\/page"}],"author":[{"embeddable":true,"href":"https:\/\/energielive.nl\/es\/wp-json\/wp\/v2\/users\/1"}],"replies":[{"embeddable":true,"href":"https:\/\/energielive.nl\/es\/wp-json\/wp\/v2\/comments?post=818"}],"version-history":[{"count":3,"href":"https:\/\/energielive.nl\/es\/wp-json\/wp\/v2\/pages\/818\/revisions"}],"predecessor-version":[{"id":891,"href":"https:\/\/energielive.nl\/es\/wp-json\/wp\/v2\/pages\/818\/revisions\/891"}],"wp:attachment":[{"href":"https:\/\/energielive.nl\/es\/wp-json\/wp\/v2\/media?parent=818"}],"curies":[{"name":"wp","href":"https:\/\/api.w.org\/{rel}","templated":true}]}}